{"id":4060,"date":"2016-02-17T10:02:45","date_gmt":"2016-02-17T09:02:45","guid":{"rendered":"http:\/\/www.broderieplaisir.eu\/?page_id=4060"},"modified":"2016-02-17T10:02:45","modified_gmt":"2016-02-17T09:02:45","slug":"bienvenue-sur-le-blog-broderie-plaisir-2","status":"publish","type":"page","link":"https:\/\/www.broderieplaisir.eu\/","title":{"rendered":"Bienvenue sur le blog Broderie Plaisir"},"content":{"rendered":"<p><code>        <div id=\"cptbc_297\" class=\"carousel slide\"  data-interval=\"5000\">\n\n            \n            <div class=\"carousel-inner\">\n            \n                <div class=\"item active\" id=\"cptbc-item-4049\" >\n                    <img loading=\"lazy\" decoding=\"async\" width=\"1099\" height=\"600\" src=\"https:\/\/www.broderieplaisir.eu\/wp-content\/uploads\/2016\/02\/photo2home.jpg\" class=\"attachment-full size-full wp-post-image\" alt=\"\" srcset=\"https:\/\/www.broderieplaisir.eu\/wp-content\/uploads\/2016\/02\/photo2home.jpg 1099w, https:\/\/www.broderieplaisir.eu\/wp-content\/uploads\/2016\/02\/photo2home-300x164.jpg 300w, https:\/\/www.broderieplaisir.eu\/wp-content\/uploads\/2016\/02\/photo2home-768x419.jpg 768w, https:\/\/www.broderieplaisir.eu\/wp-content\/uploads\/2016\/02\/photo2home-1024x559.jpg 1024w, https:\/\/www.broderieplaisir.eu\/wp-content\/uploads\/2016\/02\/photo2home-600x328.jpg 600w, https:\/\/www.broderieplaisir.eu\/wp-content\/uploads\/2016\/02\/photo2home-100x55.jpg 100w\" sizes=\"auto, (max-width: 1099px) 100vw, 1099px\" \/><div class=\"carousel-caption\"><p>Ce blog est d\u00e9di\u00e9 \u00e0 la broderie d'art, aux travaux d'aiguille et \u00e0 l'art textile, ainsi qu'\u00e0 toutes sortes de d\u00e9couvertes artistiques.\r\nIl est anim\u00e9 par Catherine Herb, brodeuse d'art amatrice.<\/p><\/div>                <\/div>\n            \n                <div class=\"item \" id=\"cptbc-item-4053\" >\n                    <img loading=\"lazy\" decoding=\"async\" width=\"1096\" height=\"600\" src=\"https:\/\/www.broderieplaisir.eu\/wp-content\/uploads\/2016\/02\/photo1home.jpg\" class=\"attachment-full size-full wp-post-image\" alt=\"\" srcset=\"https:\/\/www.broderieplaisir.eu\/wp-content\/uploads\/2016\/02\/photo1home.jpg 1096w, https:\/\/www.broderieplaisir.eu\/wp-content\/uploads\/2016\/02\/photo1home-300x164.jpg 300w, https:\/\/www.broderieplaisir.eu\/wp-content\/uploads\/2016\/02\/photo1home-768x420.jpg 768w, https:\/\/www.broderieplaisir.eu\/wp-content\/uploads\/2016\/02\/photo1home-1024x561.jpg 1024w, https:\/\/www.broderieplaisir.eu\/wp-content\/uploads\/2016\/02\/photo1home-600x328.jpg 600w, https:\/\/www.broderieplaisir.eu\/wp-content\/uploads\/2016\/02\/photo1home-100x55.jpg 100w\" sizes=\"auto, (max-width: 1096px) 100vw, 1096px\" \/>                <\/div>\n            \n                <div class=\"item \" id=\"cptbc-item-4054\" >\n                    <img loading=\"lazy\" decoding=\"async\" width=\"1091\" height=\"600\" src=\"https:\/\/www.broderieplaisir.eu\/wp-content\/uploads\/2016\/02\/photo3home.jpg\" class=\"attachment-full size-full wp-post-image\" alt=\"\" srcset=\"https:\/\/www.broderieplaisir.eu\/wp-content\/uploads\/2016\/02\/photo3home.jpg 1091w, https:\/\/www.broderieplaisir.eu\/wp-content\/uploads\/2016\/02\/photo3home-300x165.jpg 300w, https:\/\/www.broderieplaisir.eu\/wp-content\/uploads\/2016\/02\/photo3home-768x422.jpg 768w, https:\/\/www.broderieplaisir.eu\/wp-content\/uploads\/2016\/02\/photo3home-1024x563.jpg 1024w, https:\/\/www.broderieplaisir.eu\/wp-content\/uploads\/2016\/02\/photo3home-100x55.jpg 100w\" sizes=\"auto, (max-width: 1091px) 100vw, 1091px\" \/>                <\/div>\n            \n                <div class=\"item \" id=\"cptbc-item-4066\" >\n                    <img loading=\"lazy\" decoding=\"async\" width=\"1600\" height=\"1200\" src=\"https:\/\/www.broderieplaisir.eu\/wp-content\/uploads\/2016\/02\/P1210268.jpg\" class=\"attachment-full size-full wp-post-image\" alt=\"\" srcset=\"https:\/\/www.broderieplaisir.eu\/wp-content\/uploads\/2016\/02\/P1210268.jpg 1600w, https:\/\/www.broderieplaisir.eu\/wp-content\/uploads\/2016\/02\/P1210268-300x225.jpg 300w, https:\/\/www.broderieplaisir.eu\/wp-content\/uploads\/2016\/02\/P1210268-768x576.jpg 768w, https:\/\/www.broderieplaisir.eu\/wp-content\/uploads\/2016\/02\/P1210268-1024x768.jpg 1024w\" sizes=\"auto, (max-width: 1600px) 100vw, 1600px\" \/>                <\/div>\n            \n                <div class=\"item \" id=\"cptbc-item-4068\" >\n                    <img loading=\"lazy\" decoding=\"async\" width=\"3847\" height=\"2788\" src=\"https:\/\/www.broderieplaisir.eu\/wp-content\/uploads\/2016\/02\/103.jpg\" class=\"attachment-full size-full wp-post-image\" alt=\"\" srcset=\"https:\/\/www.broderieplaisir.eu\/wp-content\/uploads\/2016\/02\/103.jpg 3847w, https:\/\/www.broderieplaisir.eu\/wp-content\/uploads\/2016\/02\/103-300x217.jpg 300w, https:\/\/www.broderieplaisir.eu\/wp-content\/uploads\/2016\/02\/103-768x557.jpg 768w, https:\/\/www.broderieplaisir.eu\/wp-content\/uploads\/2016\/02\/103-1024x742.jpg 1024w\" sizes=\"auto, (max-width: 3847px) 100vw, 3847px\" \/>                <\/div>\n            \n                <div class=\"item \" id=\"cptbc-item-4070\" >\n                    <img loading=\"lazy\" decoding=\"async\" width=\"1600\" height=\"1200\" src=\"https:\/\/www.broderieplaisir.eu\/wp-content\/uploads\/2016\/02\/2015-05-31-2015-06-03-001-031.jpg\" class=\"attachment-full size-full wp-post-image\" alt=\"\" srcset=\"https:\/\/www.broderieplaisir.eu\/wp-content\/uploads\/2016\/02\/2015-05-31-2015-06-03-001-031.jpg 1600w, https:\/\/www.broderieplaisir.eu\/wp-content\/uploads\/2016\/02\/2015-05-31-2015-06-03-001-031-300x225.jpg 300w, https:\/\/www.broderieplaisir.eu\/wp-content\/uploads\/2016\/02\/2015-05-31-2015-06-03-001-031-768x576.jpg 768w, https:\/\/www.broderieplaisir.eu\/wp-content\/uploads\/2016\/02\/2015-05-31-2015-06-03-001-031-1024x768.jpg 1024w\" sizes=\"auto, (max-width: 1600px) 100vw, 1600px\" \/>                <\/div>\n                        <\/div>\n\n                                <a class=\"left carousel-control\" href=\"#cptbc_297\" data-slide=\"prev\"><span class=\"glyphicon glyphicon-chevron-left\"><\/span><\/a>\n                    <a class=\"right carousel-control\" href=\"#cptbc_297\" data-slide=\"next\"><span class=\"glyphicon glyphicon-chevron-right\"><\/span><\/a>\n                \n        <\/div>\n\n                <script type=\"text\/javascript\">\n            jQuery(document).ready(function() {\n                jQuery('#cptbc_297').carousel({\n                    interval: 5000                });\n            });\n        <\/script>\n        <\/code><\/p>\n","protected":false},"excerpt":{"rendered":"","protected":false},"author":20,"featured_media":0,"parent":0,"menu_order":0,"comment_status":"closed","ping_status":"closed","template":"","meta":{"footnotes":""},"class_list":["post-4060","page","type-page","status-publish","hentry"],"_links":{"self":[{"href":"https:\/\/www.broderieplaisir.eu\/index.php?rest_route=\/wp\/v2\/pages\/4060","targetHints":{"allow":["GET"]}}],"collection":[{"href":"https:\/\/www.broderieplaisir.eu\/index.php?rest_route=\/wp\/v2\/pages"}],"about":[{"href":"https:\/\/www.broderieplaisir.eu\/index.php?rest_route=\/wp\/v2\/types\/page"}],"author":[{"embeddable":true,"href":"https:\/\/www.broderieplaisir.eu\/index.php?rest_route=\/wp\/v2\/users\/20"}],"replies":[{"embeddable":true,"href":"https:\/\/www.broderieplaisir.eu\/index.php?rest_route=%2Fwp%2Fv2%2Fcomments&post=4060"}],"version-history":[{"count":2,"href":"https:\/\/www.broderieplaisir.eu\/index.php?rest_route=\/wp\/v2\/pages\/4060\/revisions"}],"predecessor-version":[{"id":4062,"href":"https:\/\/www.broderieplaisir.eu\/index.php?rest_route=\/wp\/v2\/pages\/4060\/revisions\/4062"}],"wp:attachment":[{"href":"https:\/\/www.broderieplaisir.eu\/index.php?rest_route=%2Fwp%2Fv2%2Fmedia&parent=4060"}],"curies":[{"name":"wp","href":"https:\/\/api.w.org\/{rel}","templated":true}]}}